{"id":28,"date":"2020-04-25T10:17:05","date_gmt":"2020-04-25T08:17:05","guid":{"rendered":"https:\/\/aikido-stnom.fr\/?page_id=28"},"modified":"2021-11-23T20:24:50","modified_gmt":"2021-11-23T19:24:50","slug":"quest-ce-que-laikido","status":"publish","type":"page","link":"https:\/\/aikido-stnom.fr\/index.php\/quest-ce-que-laikido\/","title":{"rendered":"Qu&rsquo;est-ce que l&rsquo;A\u00efkido?"},"content":{"rendered":"<h5><em><strong>Discipline adapt\u00e9e \u00e0 tous les publics, l&rsquo;A\u00efkido est un art martial de d\u00e9fense pour TOUTES et TOUS de toutes tailles et \u00e2ges.<\/strong><\/em><\/h5>\n<p>Pas d\u2019\u00e2ge pour commencer <em><strong>l\u2019A\u00efkido<\/strong><\/em> ! le but est de d\u00e9couvrir dans une ambiance conviviale et constructive un art martial traditionnel et moderne dans son \u00e9volution.<\/p>\n<p><img loading=\"lazy\" decoding=\"async\" class=\"size-medium wp-image-164 alignright\" src=\"https:\/\/aikido-stnom.fr\/wp-content\/uploads\/2021\/09\/Dojo-Teddy-Riner_2019-579-300x300.jpeg\" alt=\"\" width=\"300\" height=\"300\" srcset=\"https:\/\/aikido-stnom.fr\/wp-content\/uploads\/2021\/09\/Dojo-Teddy-Riner_2019-579-300x300.jpeg 300w, https:\/\/aikido-stnom.fr\/wp-content\/uploads\/2021\/09\/Dojo-Teddy-Riner_2019-579-1024x1024.jpeg 1024w, https:\/\/aikido-stnom.fr\/wp-content\/uploads\/2021\/09\/Dojo-Teddy-Riner_2019-579-150x150.jpeg 150w, https:\/\/aikido-stnom.fr\/wp-content\/uploads\/2021\/09\/Dojo-Teddy-Riner_2019-579-768x768.jpeg 768w, https:\/\/aikido-stnom.fr\/wp-content\/uploads\/2021\/09\/Dojo-Teddy-Riner_2019-579-1536x1536.jpeg 1536w, https:\/\/aikido-stnom.fr\/wp-content\/uploads\/2021\/09\/Dojo-Teddy-Riner_2019-579-2048x2048.jpeg 2048w, https:\/\/aikido-stnom.fr\/wp-content\/uploads\/2021\/09\/Dojo-Teddy-Riner_2019-579-1200x1200.jpeg 1200w\" sizes=\"auto, (max-width: 300px) 85vw, 300px\" \/><em><strong>Sans comp\u00e9tition, chacun progresse \u00e0 son rythme et sans pression.<\/strong><\/em><\/p>\n<p>Issu des arts martiaux pratiqu\u00e9s par les Samoura\u00efs, l&rsquo;A\u00efkido permet d&rsquo;acqu\u00e9rir une parfaite ma\u00eetrise de soi en assurant un d\u00e9veloppement harmonieux du corps.<\/p>\n<p>&nbsp;<\/p>\n<p style=\"text-align: left;\"><img loading=\"lazy\" decoding=\"async\" class=\"size-medium wp-image-59 alignleft\" src=\"https:\/\/aikido-stnom.fr\/wp-content\/uploads\/2020\/05\/FemmeQuiChute-300x200.jpg\" alt=\"\" width=\"300\" height=\"200\" srcset=\"https:\/\/aikido-stnom.fr\/wp-content\/uploads\/2020\/05\/FemmeQuiChute-300x200.jpg 300w, https:\/\/aikido-stnom.fr\/wp-content\/uploads\/2020\/05\/FemmeQuiChute-1024x683.jpg 1024w, https:\/\/aikido-stnom.fr\/wp-content\/uploads\/2020\/05\/FemmeQuiChute-768x512.jpg 768w, https:\/\/aikido-stnom.fr\/wp-content\/uploads\/2020\/05\/FemmeQuiChute-1536x1024.jpg 1536w, https:\/\/aikido-stnom.fr\/wp-content\/uploads\/2020\/05\/FemmeQuiChute-2048x1366.jpg 2048w, https:\/\/aikido-stnom.fr\/wp-content\/uploads\/2020\/05\/FemmeQuiChute-1200x800.jpg 1200w\" sizes=\"auto, (max-width: 300px) 85vw, 300px\" \/><\/p>\n<p>&nbsp;<\/p>\n<p>Le pratiquant apprends \u00e0 chuter, \u00ab esquiver \u00bb et utiliser aussi les armes traditionnelles (le bokken, le jo et le tanto).<\/p>\n<p>&nbsp;<\/p>\n<h6><em>D\u00e9samorcer le conflit en neutralisant une agression et rendre l&rsquo;attaquant inoffensif tout en ne lui causant pas de blessure.<\/em><\/h6>\n<p>L&rsquo;a\u00efkido se compose de techniques avec armes et \u00e0 mains nues utilisant la force de l&rsquo;adversaire. Ces techniques visent non pas \u00e0 vaincre l&rsquo;adversaire, mais \u00e0 r\u00e9duire sa tentative d&rsquo;agression \u00e0 n\u00e9ant par le contr\u00f4le et l\u2019immobilisation.<\/p>\n<h5>Un Art martial moderne et complet<\/h5>\n<h6><em><img loading=\"lazy\" decoding=\"async\" class=\"size-medium wp-image-75 alignleft\" src=\"https:\/\/aikido-stnom.fr\/wp-content\/uploads\/2020\/05\/IMG_2989-300x200.jpg\" alt=\"\" width=\"300\" height=\"200\" srcset=\"https:\/\/aikido-stnom.fr\/wp-content\/uploads\/2020\/05\/IMG_2989-300x200.jpg 300w, https:\/\/aikido-stnom.fr\/wp-content\/uploads\/2020\/05\/IMG_2989-1024x683.jpg 1024w, https:\/\/aikido-stnom.fr\/wp-content\/uploads\/2020\/05\/IMG_2989-768x512.jpg 768w, https:\/\/aikido-stnom.fr\/wp-content\/uploads\/2020\/05\/IMG_2989-1536x1024.jpg 1536w, https:\/\/aikido-stnom.fr\/wp-content\/uploads\/2020\/05\/IMG_2989-2048x1365.jpg 2048w, https:\/\/aikido-stnom.fr\/wp-content\/uploads\/2020\/05\/IMG_2989-1200x800.jpg 1200w\" sizes=\"auto, (max-width: 300px) 85vw, 300px\" \/><\/em><\/h6>\n<p>L\u2019a\u00efkido n\u2019est pas une pratique qui vise en premier \u00e0 la bagarre de rue mais un art martial qui pr\u00e9pare au combat en toute situation et d\u00e9veloppe des qualit\u00e9s physiques, mentales et techniques! La pratique int\u00e8gre une vision humaniste : respect et relation gagnant\/gagnant.<\/p>\n<p><img loading=\"lazy\" decoding=\"async\" class=\"size-medium wp-image-57 alignright\" src=\"https:\/\/aikido-stnom.fr\/wp-content\/uploads\/2020\/05\/IMG_5543-300x200.jpg\" alt=\"\" width=\"300\" height=\"200\" srcset=\"https:\/\/aikido-stnom.fr\/wp-content\/uploads\/2020\/05\/IMG_5543-300x200.jpg 300w, https:\/\/aikido-stnom.fr\/wp-content\/uploads\/2020\/05\/IMG_5543-1024x683.jpg 1024w, https:\/\/aikido-stnom.fr\/wp-content\/uploads\/2020\/05\/IMG_5543-768x512.jpg 768w, https:\/\/aikido-stnom.fr\/wp-content\/uploads\/2020\/05\/IMG_5543-1536x1024.jpg 1536w, https:\/\/aikido-stnom.fr\/wp-content\/uploads\/2020\/05\/IMG_5543-2048x1365.jpg 2048w, https:\/\/aikido-stnom.fr\/wp-content\/uploads\/2020\/05\/IMG_5543-1200x800.jpg 1200w\" sizes=\"auto, (max-width: 300px) 85vw, 300px\" \/><\/p>\n<p><strong><em> \u00abParfaite \u00e9cole d\u2019enseignement, d\u2019exp\u00e9rimentation et de d\u00e9veloppement des valeurs morales et physiques de la personne, l\u2019A\u00efkido repr\u00e9sente une m\u00e9thode d\u2019\u00e9ducation compl\u00e8te \u00bb.<\/em><\/strong><\/p>\n<p><em>Sources : aikido-atch ; wikip\u00e9dia ; 2f3a ; ffab.<\/em><\/p>\n<p><img loading=\"lazy\" decoding=\"async\" class=\"size-medium wp-image-55 aligncenter\" src=\"https:\/\/aikido-stnom.fr\/wp-content\/uploads\/2020\/05\/Iphone-22dec19-033-300x267.jpg\" alt=\"\" width=\"300\" height=\"267\" srcset=\"https:\/\/aikido-stnom.fr\/wp-content\/uploads\/2020\/05\/Iphone-22dec19-033-300x267.jpg 300w, https:\/\/aikido-stnom.fr\/wp-content\/uploads\/2020\/05\/Iphone-22dec19-033.jpg 719w\" sizes=\"auto, (max-width: 300px) 85vw, 300px\" \/><\/p>\n<p>&nbsp;<\/p>\n","protected":false},"excerpt":{"rendered":"<p>Discipline adapt\u00e9e \u00e0 tous les publics, l&rsquo;A\u00efkido est un art martial de d\u00e9fense pour TOUTES et TOUS de toutes tailles et \u00e2ges. Pas d\u2019\u00e2ge pour commencer l\u2019A\u00efkido ! le but est de d\u00e9couvrir dans une ambiance conviviale et constructive un art martial traditionnel et moderne dans son \u00e9volution. Sans comp\u00e9tition, chacun progresse \u00e0 son rythme &hellip; <a href=\"https:\/\/aikido-stnom.fr\/index.php\/quest-ce-que-laikido\/\" class=\"more-link\">Continuer la lecture<span class=\"screen-reader-text\"> de &laquo;&nbsp;Qu&rsquo;est-ce que l&rsquo;A\u00efkido?&nbsp;&raquo;<\/span><\/a><\/p>\n","protected":false},"author":1,"featured_media":0,"parent":0,"menu_order":0,"comment_status":"closed","ping_status":"closed","template":"","meta":{"footnotes":""},"class_list":["post-28","page","type-page","status-publish","hentry"],"yoast_head":"<!-- This site is optimized with the Yoast SEO plugin v24.5 - https:\/\/yoast.com\/wordpress\/plugins\/seo\/ -->\n<title>Qu&#039;est-ce que l&#039;A\u00efkido? - Club d&#039;A\u00efkido de Saint Nom la Bret\u00eache<\/title>\n<meta name=\"robots\" content=\"index, follow, max-snippet:-1, max-image-preview:large, max-video-preview:-1\" \/>\n<link rel=\"canonical\" href=\"https:\/\/aikido-stnom.fr\/index.php\/quest-ce-que-laikido\/\" \/>\n<meta property=\"og:locale\" content=\"fr_FR\" \/>\n<meta property=\"og:type\" content=\"article\" \/>\n<meta property=\"og:title\" content=\"Qu&#039;est-ce que l&#039;A\u00efkido? - Club d&#039;A\u00efkido de Saint Nom la Bret\u00eache\" \/>\n<meta property=\"og:description\" content=\"Discipline adapt\u00e9e \u00e0 tous les publics, l&rsquo;A\u00efkido est un art martial de d\u00e9fense pour TOUTES et TOUS de toutes tailles et \u00e2ges. Pas d\u2019\u00e2ge pour commencer l\u2019A\u00efkido ! le but est de d\u00e9couvrir dans une ambiance conviviale et constructive un art martial traditionnel et moderne dans son \u00e9volution. Sans comp\u00e9tition, chacun progresse \u00e0 son rythme &hellip; Continuer la lecture de &laquo;&nbsp;Qu&rsquo;est-ce que l&rsquo;A\u00efkido?&nbsp;&raquo;\" \/>\n<meta property=\"og:url\" content=\"https:\/\/aikido-stnom.fr\/index.php\/quest-ce-que-laikido\/\" \/>\n<meta property=\"og:site_name\" content=\"Club d&#039;A\u00efkido de Saint Nom la Bret\u00eache\" \/>\n<meta property=\"article:modified_time\" content=\"2021-11-23T19:24:50+00:00\" \/>\n<meta property=\"og:image\" content=\"https:\/\/aikido-stnom.fr\/wp-content\/uploads\/2021\/09\/Dojo-Teddy-Riner_2019-579-300x300.jpeg\" \/>\n<meta name=\"twitter:card\" content=\"summary_large_image\" \/>\n<meta name=\"twitter:label1\" content=\"Dur\u00e9e de lecture estim\u00e9e\" \/>\n\t<meta name=\"twitter:data1\" content=\"3 minutes\" \/>\n<script type=\"application\/ld+json\" class=\"yoast-schema-graph\">{\"@context\":\"https:\/\/schema.org\",\"@graph\":[{\"@type\":\"WebPage\",\"@id\":\"https:\/\/aikido-stnom.fr\/index.php\/quest-ce-que-laikido\/\",\"url\":\"https:\/\/aikido-stnom.fr\/index.php\/quest-ce-que-laikido\/\",\"name\":\"Qu'est-ce que l'A\u00efkido? - Club d&#039;A\u00efkido de Saint Nom la Bret\u00eache\",\"isPartOf\":{\"@id\":\"https:\/\/aikido-stnom.fr\/#website\"},\"primaryImageOfPage\":{\"@id\":\"https:\/\/aikido-stnom.fr\/index.php\/quest-ce-que-laikido\/#primaryimage\"},\"image\":{\"@id\":\"https:\/\/aikido-stnom.fr\/index.php\/quest-ce-que-laikido\/#primaryimage\"},\"thumbnailUrl\":\"https:\/\/aikido-stnom.fr\/wp-content\/uploads\/2021\/09\/Dojo-Teddy-Riner_2019-579-300x300.jpeg\",\"datePublished\":\"2020-04-25T08:17:05+00:00\",\"dateModified\":\"2021-11-23T19:24:50+00:00\",\"inLanguage\":\"fr-FR\",\"potentialAction\":[{\"@type\":\"ReadAction\",\"target\":[\"https:\/\/aikido-stnom.fr\/index.php\/quest-ce-que-laikido\/\"]}]},{\"@type\":\"ImageObject\",\"inLanguage\":\"fr-FR\",\"@id\":\"https:\/\/aikido-stnom.fr\/index.php\/quest-ce-que-laikido\/#primaryimage\",\"url\":\"https:\/\/aikido-stnom.fr\/wp-content\/uploads\/2021\/09\/Dojo-Teddy-Riner_2019-579-300x300.jpeg\",\"contentUrl\":\"https:\/\/aikido-stnom.fr\/wp-content\/uploads\/2021\/09\/Dojo-Teddy-Riner_2019-579-300x300.jpeg\"},{\"@type\":\"WebSite\",\"@id\":\"https:\/\/aikido-stnom.fr\/#website\",\"url\":\"https:\/\/aikido-stnom.fr\/\",\"name\":\"Club d&#039;A\u00efkido de Saint Nom la Bret\u00eache\",\"description\":\"A\u00efkido USSNB 78\",\"potentialAction\":[{\"@type\":\"SearchAction\",\"target\":{\"@type\":\"EntryPoint\",\"urlTemplate\":\"https:\/\/aikido-stnom.fr\/?s={search_term_string}\"},\"query-input\":{\"@type\":\"PropertyValueSpecification\",\"valueRequired\":true,\"valueName\":\"search_term_string\"}}],\"inLanguage\":\"fr-FR\"}]}<\/script>\n<!-- \/ Yoast SEO plugin. -->","yoast_head_json":{"title":"Qu'est-ce que l'A\u00efkido? - Club d&#039;A\u00efkido de Saint Nom la Bret\u00eache","robots":{"index":"index","follow":"follow","max-snippet":"max-snippet:-1","max-image-preview":"max-image-preview:large","max-video-preview":"max-video-preview:-1"},"canonical":"https:\/\/aikido-stnom.fr\/index.php\/quest-ce-que-laikido\/","og_locale":"fr_FR","og_type":"article","og_title":"Qu'est-ce que l'A\u00efkido? - Club d&#039;A\u00efkido de Saint Nom la Bret\u00eache","og_description":"Discipline adapt\u00e9e \u00e0 tous les publics, l&rsquo;A\u00efkido est un art martial de d\u00e9fense pour TOUTES et TOUS de toutes tailles et \u00e2ges. Pas d\u2019\u00e2ge pour commencer l\u2019A\u00efkido ! le but est de d\u00e9couvrir dans une ambiance conviviale et constructive un art martial traditionnel et moderne dans son \u00e9volution. Sans comp\u00e9tition, chacun progresse \u00e0 son rythme &hellip; Continuer la lecture de &laquo;&nbsp;Qu&rsquo;est-ce que l&rsquo;A\u00efkido?&nbsp;&raquo;","og_url":"https:\/\/aikido-stnom.fr\/index.php\/quest-ce-que-laikido\/","og_site_name":"Club d&#039;A\u00efkido de Saint Nom la Bret\u00eache","article_modified_time":"2021-11-23T19:24:50+00:00","og_image":[{"url":"https:\/\/aikido-stnom.fr\/wp-content\/uploads\/2021\/09\/Dojo-Teddy-Riner_2019-579-300x300.jpeg","type":"","width":"","height":""}],"twitter_card":"summary_large_image","twitter_misc":{"Dur\u00e9e de lecture estim\u00e9e":"3 minutes"},"schema":{"@context":"https:\/\/schema.org","@graph":[{"@type":"WebPage","@id":"https:\/\/aikido-stnom.fr\/index.php\/quest-ce-que-laikido\/","url":"https:\/\/aikido-stnom.fr\/index.php\/quest-ce-que-laikido\/","name":"Qu'est-ce que l'A\u00efkido? - Club d&#039;A\u00efkido de Saint Nom la Bret\u00eache","isPartOf":{"@id":"https:\/\/aikido-stnom.fr\/#website"},"primaryImageOfPage":{"@id":"https:\/\/aikido-stnom.fr\/index.php\/quest-ce-que-laikido\/#primaryimage"},"image":{"@id":"https:\/\/aikido-stnom.fr\/index.php\/quest-ce-que-laikido\/#primaryimage"},"thumbnailUrl":"https:\/\/aikido-stnom.fr\/wp-content\/uploads\/2021\/09\/Dojo-Teddy-Riner_2019-579-300x300.jpeg","datePublished":"2020-04-25T08:17:05+00:00","dateModified":"2021-11-23T19:24:50+00:00","inLanguage":"fr-FR","potentialAction":[{"@type":"ReadAction","target":["https:\/\/aikido-stnom.fr\/index.php\/quest-ce-que-laikido\/"]}]},{"@type":"ImageObject","inLanguage":"fr-FR","@id":"https:\/\/aikido-stnom.fr\/index.php\/quest-ce-que-laikido\/#primaryimage","url":"https:\/\/aikido-stnom.fr\/wp-content\/uploads\/2021\/09\/Dojo-Teddy-Riner_2019-579-300x300.jpeg","contentUrl":"https:\/\/aikido-stnom.fr\/wp-content\/uploads\/2021\/09\/Dojo-Teddy-Riner_2019-579-300x300.jpeg"},{"@type":"WebSite","@id":"https:\/\/aikido-stnom.fr\/#website","url":"https:\/\/aikido-stnom.fr\/","name":"Club d&#039;A\u00efkido de Saint Nom la Bret\u00eache","description":"A\u00efkido USSNB 78","potentialAction":[{"@type":"SearchAction","target":{"@type":"EntryPoint","urlTemplate":"https:\/\/aikido-stnom.fr\/?s={search_term_string}"},"query-input":{"@type":"PropertyValueSpecification","valueRequired":true,"valueName":"search_term_string"}}],"inLanguage":"fr-FR"}]}},"_links":{"self":[{"href":"https:\/\/aikido-stnom.fr\/index.php\/wp-json\/wp\/v2\/pages\/28","targetHints":{"allow":["GET"]}}],"collection":[{"href":"https:\/\/aikido-stnom.fr\/index.php\/wp-json\/wp\/v2\/pages"}],"about":[{"href":"https:\/\/aikido-stnom.fr\/index.php\/wp-json\/wp\/v2\/types\/page"}],"author":[{"embeddable":true,"href":"https:\/\/aikido-stnom.fr\/index.php\/wp-json\/wp\/v2\/users\/1"}],"replies":[{"embeddable":true,"href":"https:\/\/aikido-stnom.fr\/index.php\/wp-json\/wp\/v2\/comments?post=28"}],"version-history":[{"count":24,"href":"https:\/\/aikido-stnom.fr\/index.php\/wp-json\/wp\/v2\/pages\/28\/revisions"}],"predecessor-version":[{"id":225,"href":"https:\/\/aikido-stnom.fr\/index.php\/wp-json\/wp\/v2\/pages\/28\/revisions\/225"}],"wp:attachment":[{"href":"https:\/\/aikido-stnom.fr\/index.php\/wp-json\/wp\/v2\/media?parent=28"}],"curies":[{"name":"wp","href":"https:\/\/api.w.org\/{rel}","templated":true}]}}