{"id":22,"date":"2020-04-25T10:16:07","date_gmt":"2020-04-25T08:16:07","guid":{"rendered":"https:\/\/aikido-stnom.fr\/?page_id=22"},"modified":"2023-08-25T15:10:13","modified_gmt":"2023-08-25T13:10:13","slug":"historique-de-laikido","status":"publish","type":"page","link":"https:\/\/aikido-stnom.fr\/index.php\/historique-de-laikido\/","title":{"rendered":"Historique de l&rsquo;A\u00efkido"},"content":{"rendered":"<p>&nbsp;<\/p>\n<h2 style=\"text-align: center;\"><strong>L&rsquo;Harmonie en Mouvement<\/strong><\/h2>\n<p>L&rsquo;A\u00efkido, un art martial japonais empreint de philosophie et de discipline, fut cr\u00e9\u00e9 au d\u00e9but du 20e si\u00e8cle par Morihei Ueshiba. <img loading=\"lazy\" decoding=\"async\" class=\"size-medium wp-image-56 alignleft\" src=\"https:\/\/aikido-stnom.fr\/wp-content\/uploads\/2020\/05\/Iphone-22dec19-046-300x296.jpg\" alt=\"\" width=\"300\" height=\"296\" srcset=\"https:\/\/aikido-stnom.fr\/wp-content\/uploads\/2020\/05\/Iphone-22dec19-046-300x296.jpg 300w, https:\/\/aikido-stnom.fr\/wp-content\/uploads\/2020\/05\/Iphone-22dec19-046.jpg 720w\" sizes=\"auto, (max-width: 300px) 85vw, 300px\" \/><\/p>\n<p>l&rsquo;A\u00efkido se distingue des autres arts martiaux par son approche pacifique et non comp\u00e9titive, mettant l&rsquo;accent sur la d\u00e9fense et la protection plut\u00f4t que sur l&rsquo;attaque.<\/p>\n<p>L&rsquo;histoire de \u00d4-Sensei Morihei Ueshiba et de la cr\u00e9ation de l&rsquo;A\u00efkido est \u00e9troitement li\u00e9e \u00e0 son parcours personnel et spirituel. N\u00e9 le 14 d\u00e9cembre 1883 dans la pr\u00e9fecture de Wakayama au Japon, Morihei Ueshiba a d\u00e9velopp\u00e9 un int\u00e9r\u00eat pr\u00e9coce <strong>pour les arts martiaux, explorant des disciplines telles que le jiu-jitsu, le kenjutsu et la lance.<\/strong> Cependant, c&rsquo;est en combinant ces connaissances avec sa recherche de la spiritualit\u00e9 et de l&rsquo;harmonie que l&rsquo;A\u00efkido a pris forme.<\/p>\n<p>Pour Morihei Ueshiba,<strong> l&rsquo;A\u00efkido n&rsquo;\u00e9tait pas seulement un art martial, mais une voie vers la paix int\u00e9rieure et la compr\u00e9hension mutuelle.<img loading=\"lazy\" decoding=\"async\" class=\"size-full wp-image-112 alignright\" src=\"https:\/\/aikido-stnom.fr\/wp-content\/uploads\/2020\/04\/O_Sensei_Couleur.jpg\" alt=\"Morihei Ueshiba\" width=\"205\" height=\"246\" \/><\/strong><\/p>\n<p>La philosophie de l&rsquo;a\u00efkido repose sur le concept d&rsquo;harmonie et de non-violence. Plut\u00f4t que d&rsquo;opposer la force \u00e0 la force, les praticiens d&rsquo;a\u00efkido cherchent \u00e0 utiliser l&rsquo;\u00e9nergie de leur adversaire pour le d\u00e9s\u00e9quilibrer et le ma\u00eetriser. <strong>Cette approche refl\u00e8te la vision profonde d&rsquo;O-Sensei selon laquelle la v\u00e9ritable victoire r\u00e9side dans la protection mutuelle et la recherche de la paix.<\/strong><\/p>\n<p>Aujourd&rsquo;hui, l&rsquo;A\u00efkido continue d&rsquo;inspirer des personnes du monde entier, offrant un moyen de d\u00e9velopper non seulement des comp\u00e9tences physiques, mais aussi une compr\u00e9hension plus profonde de soi-m\u00eame et des autres. Cet art martial refl\u00e8te l&rsquo;h\u00e9ritage de Morihei Ueshiba, un homme qui a cr\u00e9\u00e9 une discipline qui transcende les notions traditionnelles de combat pour c\u00e9l\u00e9brer l&rsquo;harmonie en mouvement.<\/p>\n<p><span style=\"color: #000000; font-family: Calibri;\"><img loading=\"lazy\" decoding=\"async\" class=\"size-medium wp-image-54 aligncenter\" src=\"https:\/\/aikido-stnom.fr\/wp-content\/uploads\/2020\/05\/osensei_001-266x300.jpg\" alt=\"\" width=\"266\" height=\"300\" srcset=\"https:\/\/aikido-stnom.fr\/wp-content\/uploads\/2020\/05\/osensei_001-266x300.jpg 266w, https:\/\/aikido-stnom.fr\/wp-content\/uploads\/2020\/05\/osensei_001.jpg 567w\" sizes=\"auto, (max-width: 266px) 85vw, 266px\" \/><\/span><\/p>\n<p>&nbsp;<\/p>\n<p><em>Sources : wikip\u00e9dia ; 2f3a ; ffab.<\/em><\/p>\n<p>&nbsp;<\/p>\n","protected":false},"excerpt":{"rendered":"<p>&nbsp; L&rsquo;Harmonie en Mouvement L&rsquo;A\u00efkido, un art martial japonais empreint de philosophie et de discipline, fut cr\u00e9\u00e9 au d\u00e9but du 20e si\u00e8cle par Morihei Ueshiba. l&rsquo;A\u00efkido se distingue des autres arts martiaux par son approche pacifique et non comp\u00e9titive, mettant l&rsquo;accent sur la d\u00e9fense et la protection plut\u00f4t que sur l&rsquo;attaque. L&rsquo;histoire de \u00d4-Sensei Morihei &hellip; <a href=\"https:\/\/aikido-stnom.fr\/index.php\/historique-de-laikido\/\" class=\"more-link\">Continuer la lecture<span class=\"screen-reader-text\"> de &laquo;&nbsp;Historique de l&rsquo;A\u00efkido&nbsp;&raquo;<\/span><\/a><\/p>\n","protected":false},"author":1,"featured_media":0,"parent":0,"menu_order":0,"comment_status":"closed","ping_status":"closed","template":"","meta":{"footnotes":""},"class_list":["post-22","page","type-page","status-publish","hentry"],"yoast_head":"<!-- This site is optimized with the Yoast SEO plugin v24.5 - https:\/\/yoast.com\/wordpress\/plugins\/seo\/ -->\n<title>Historique de l&#039;A\u00efkido - Club d&#039;A\u00efkido de Saint Nom la Bret\u00eache<\/title>\n<meta name=\"robots\" content=\"index, follow, max-snippet:-1, max-image-preview:large, max-video-preview:-1\" \/>\n<link rel=\"canonical\" href=\"https:\/\/aikido-stnom.fr\/index.php\/historique-de-laikido\/\" \/>\n<meta property=\"og:locale\" content=\"fr_FR\" \/>\n<meta property=\"og:type\" content=\"article\" \/>\n<meta property=\"og:title\" content=\"Historique de l&#039;A\u00efkido - Club d&#039;A\u00efkido de Saint Nom la Bret\u00eache\" \/>\n<meta property=\"og:description\" content=\"&nbsp; L&rsquo;Harmonie en Mouvement L&rsquo;A\u00efkido, un art martial japonais empreint de philosophie et de discipline, fut cr\u00e9\u00e9 au d\u00e9but du 20e si\u00e8cle par Morihei Ueshiba. l&rsquo;A\u00efkido se distingue des autres arts martiaux par son approche pacifique et non comp\u00e9titive, mettant l&rsquo;accent sur la d\u00e9fense et la protection plut\u00f4t que sur l&rsquo;attaque. L&rsquo;histoire de \u00d4-Sensei Morihei &hellip; Continuer la lecture de &laquo;&nbsp;Historique de l&rsquo;A\u00efkido&nbsp;&raquo;\" \/>\n<meta property=\"og:url\" content=\"https:\/\/aikido-stnom.fr\/index.php\/historique-de-laikido\/\" \/>\n<meta property=\"og:site_name\" content=\"Club d&#039;A\u00efkido de Saint Nom la Bret\u00eache\" \/>\n<meta property=\"article:modified_time\" content=\"2023-08-25T13:10:13+00:00\" \/>\n<meta property=\"og:image\" content=\"https:\/\/aikido-stnom.fr\/wp-content\/uploads\/2020\/05\/Iphone-22dec19-046-300x296.jpg\" \/>\n<meta name=\"twitter:card\" content=\"summary_large_image\" \/>\n<meta name=\"twitter:label1\" content=\"Dur\u00e9e de lecture estim\u00e9e\" \/>\n\t<meta name=\"twitter:data1\" content=\"2 minutes\" \/>\n<script type=\"application\/ld+json\" class=\"yoast-schema-graph\">{\"@context\":\"https:\/\/schema.org\",\"@graph\":[{\"@type\":\"WebPage\",\"@id\":\"https:\/\/aikido-stnom.fr\/index.php\/historique-de-laikido\/\",\"url\":\"https:\/\/aikido-stnom.fr\/index.php\/historique-de-laikido\/\",\"name\":\"Historique de l'A\u00efkido - Club d&#039;A\u00efkido de Saint Nom la Bret\u00eache\",\"isPartOf\":{\"@id\":\"https:\/\/aikido-stnom.fr\/#website\"},\"primaryImageOfPage\":{\"@id\":\"https:\/\/aikido-stnom.fr\/index.php\/historique-de-laikido\/#primaryimage\"},\"image\":{\"@id\":\"https:\/\/aikido-stnom.fr\/index.php\/historique-de-laikido\/#primaryimage\"},\"thumbnailUrl\":\"https:\/\/aikido-stnom.fr\/wp-content\/uploads\/2020\/05\/Iphone-22dec19-046-300x296.jpg\",\"datePublished\":\"2020-04-25T08:16:07+00:00\",\"dateModified\":\"2023-08-25T13:10:13+00:00\",\"inLanguage\":\"fr-FR\",\"potentialAction\":[{\"@type\":\"ReadAction\",\"target\":[\"https:\/\/aikido-stnom.fr\/index.php\/historique-de-laikido\/\"]}]},{\"@type\":\"ImageObject\",\"inLanguage\":\"fr-FR\",\"@id\":\"https:\/\/aikido-stnom.fr\/index.php\/historique-de-laikido\/#primaryimage\",\"url\":\"https:\/\/aikido-stnom.fr\/wp-content\/uploads\/2020\/05\/Iphone-22dec19-046.jpg\",\"contentUrl\":\"https:\/\/aikido-stnom.fr\/wp-content\/uploads\/2020\/05\/Iphone-22dec19-046.jpg\",\"width\":720,\"height\":711},{\"@type\":\"WebSite\",\"@id\":\"https:\/\/aikido-stnom.fr\/#website\",\"url\":\"https:\/\/aikido-stnom.fr\/\",\"name\":\"Club d&#039;A\u00efkido de Saint Nom la Bret\u00eache\",\"description\":\"A\u00efkido USSNB 78\",\"potentialAction\":[{\"@type\":\"SearchAction\",\"target\":{\"@type\":\"EntryPoint\",\"urlTemplate\":\"https:\/\/aikido-stnom.fr\/?s={search_term_string}\"},\"query-input\":{\"@type\":\"PropertyValueSpecification\",\"valueRequired\":true,\"valueName\":\"search_term_string\"}}],\"inLanguage\":\"fr-FR\"}]}<\/script>\n<!-- \/ Yoast SEO plugin. -->","yoast_head_json":{"title":"Historique de l'A\u00efkido - Club d&#039;A\u00efkido de Saint Nom la Bret\u00eache","robots":{"index":"index","follow":"follow","max-snippet":"max-snippet:-1","max-image-preview":"max-image-preview:large","max-video-preview":"max-video-preview:-1"},"canonical":"https:\/\/aikido-stnom.fr\/index.php\/historique-de-laikido\/","og_locale":"fr_FR","og_type":"article","og_title":"Historique de l'A\u00efkido - Club d&#039;A\u00efkido de Saint Nom la Bret\u00eache","og_description":"&nbsp; L&rsquo;Harmonie en Mouvement L&rsquo;A\u00efkido, un art martial japonais empreint de philosophie et de discipline, fut cr\u00e9\u00e9 au d\u00e9but du 20e si\u00e8cle par Morihei Ueshiba. l&rsquo;A\u00efkido se distingue des autres arts martiaux par son approche pacifique et non comp\u00e9titive, mettant l&rsquo;accent sur la d\u00e9fense et la protection plut\u00f4t que sur l&rsquo;attaque. L&rsquo;histoire de \u00d4-Sensei Morihei &hellip; Continuer la lecture de &laquo;&nbsp;Historique de l&rsquo;A\u00efkido&nbsp;&raquo;","og_url":"https:\/\/aikido-stnom.fr\/index.php\/historique-de-laikido\/","og_site_name":"Club d&#039;A\u00efkido de Saint Nom la Bret\u00eache","article_modified_time":"2023-08-25T13:10:13+00:00","og_image":[{"url":"https:\/\/aikido-stnom.fr\/wp-content\/uploads\/2020\/05\/Iphone-22dec19-046-300x296.jpg","type":"","width":"","height":""}],"twitter_card":"summary_large_image","twitter_misc":{"Dur\u00e9e de lecture estim\u00e9e":"2 minutes"},"schema":{"@context":"https:\/\/schema.org","@graph":[{"@type":"WebPage","@id":"https:\/\/aikido-stnom.fr\/index.php\/historique-de-laikido\/","url":"https:\/\/aikido-stnom.fr\/index.php\/historique-de-laikido\/","name":"Historique de l'A\u00efkido - Club d&#039;A\u00efkido de Saint Nom la Bret\u00eache","isPartOf":{"@id":"https:\/\/aikido-stnom.fr\/#website"},"primaryImageOfPage":{"@id":"https:\/\/aikido-stnom.fr\/index.php\/historique-de-laikido\/#primaryimage"},"image":{"@id":"https:\/\/aikido-stnom.fr\/index.php\/historique-de-laikido\/#primaryimage"},"thumbnailUrl":"https:\/\/aikido-stnom.fr\/wp-content\/uploads\/2020\/05\/Iphone-22dec19-046-300x296.jpg","datePublished":"2020-04-25T08:16:07+00:00","dateModified":"2023-08-25T13:10:13+00:00","inLanguage":"fr-FR","potentialAction":[{"@type":"ReadAction","target":["https:\/\/aikido-stnom.fr\/index.php\/historique-de-laikido\/"]}]},{"@type":"ImageObject","inLanguage":"fr-FR","@id":"https:\/\/aikido-stnom.fr\/index.php\/historique-de-laikido\/#primaryimage","url":"https:\/\/aikido-stnom.fr\/wp-content\/uploads\/2020\/05\/Iphone-22dec19-046.jpg","contentUrl":"https:\/\/aikido-stnom.fr\/wp-content\/uploads\/2020\/05\/Iphone-22dec19-046.jpg","width":720,"height":711},{"@type":"WebSite","@id":"https:\/\/aikido-stnom.fr\/#website","url":"https:\/\/aikido-stnom.fr\/","name":"Club d&#039;A\u00efkido de Saint Nom la Bret\u00eache","description":"A\u00efkido USSNB 78","potentialAction":[{"@type":"SearchAction","target":{"@type":"EntryPoint","urlTemplate":"https:\/\/aikido-stnom.fr\/?s={search_term_string}"},"query-input":{"@type":"PropertyValueSpecification","valueRequired":true,"valueName":"search_term_string"}}],"inLanguage":"fr-FR"}]}},"_links":{"self":[{"href":"https:\/\/aikido-stnom.fr\/index.php\/wp-json\/wp\/v2\/pages\/22","targetHints":{"allow":["GET"]}}],"collection":[{"href":"https:\/\/aikido-stnom.fr\/index.php\/wp-json\/wp\/v2\/pages"}],"about":[{"href":"https:\/\/aikido-stnom.fr\/index.php\/wp-json\/wp\/v2\/types\/page"}],"author":[{"embeddable":true,"href":"https:\/\/aikido-stnom.fr\/index.php\/wp-json\/wp\/v2\/users\/1"}],"replies":[{"embeddable":true,"href":"https:\/\/aikido-stnom.fr\/index.php\/wp-json\/wp\/v2\/comments?post=22"}],"version-history":[{"count":10,"href":"https:\/\/aikido-stnom.fr\/index.php\/wp-json\/wp\/v2\/pages\/22\/revisions"}],"predecessor-version":[{"id":20392,"href":"https:\/\/aikido-stnom.fr\/index.php\/wp-json\/wp\/v2\/pages\/22\/revisions\/20392"}],"wp:attachment":[{"href":"https:\/\/aikido-stnom.fr\/index.php\/wp-json\/wp\/v2\/media?parent=22"}],"curies":[{"name":"wp","href":"https:\/\/api.w.org\/{rel}","templated":true}]}}