{"id":19,"date":"2020-04-25T10:15:45","date_gmt":"2020-04-25T08:15:45","guid":{"rendered":"https:\/\/aikido-stnom.fr\/?page_id=19"},"modified":"2023-03-31T19:14:13","modified_gmt":"2023-03-31T17:14:13","slug":"liens","status":"publish","type":"page","link":"https:\/\/aikido-stnom.fr\/index.php\/liens\/","title":{"rendered":"Liens"},"content":{"rendered":"<p><em>Pratiquer l&rsquo;A\u00efkido \u00e0 Marly-le-Roi et Versailles :<\/em><\/p>\n<p style=\"text-align: center;\"><a href=\"https:\/\/www.aikido-atch.fr\/\"><strong>A\u00efkido Traditionnel, Culture et Harmonie (ATCH): <\/strong><\/a><strong> <span style=\"color: #0000ff;\">Dominique Dalet 6<sup>\u00e8me<\/sup> Dan<\/span><\/strong><\/p>\n<p>&nbsp;<\/p>\n<p><em>Pratiquer \u00e0 Paris et Vincennes:<\/em><\/p>\n<p><a href=\"http:\/\/www.aikido-benezi.com\/stages.html\"><strong>Patrick B\u00e9n\u00e9zi Shihan 7<sup>\u00e8me<\/sup> Dan A\u00efkika\u00ef de Tokyo<\/strong><\/a><\/p>\n<p class=\"LC20lb\"><a href=\"http:\/\/www.christiantissier.com\/\"><strong>Christian Tissier Shihan 8<sup>\u00e8me<\/sup> Dan A\u00efkika\u00ef de Tokyo<\/strong><\/a><\/p>\n<div id=\"topstuff\"><\/div>\n<div>\n<p><strong>Autres sites<\/strong><\/p>\n<ul>\n<li><a href=\"http:\/\/www.aikido.com.fr\/\"><strong>F\u00e9d\u00e9ration FFAAA <\/strong>F\u00e9d\u00e9ration fran\u00e7aise d\u2019A\u00efkido, A\u00efkibudo et associ\u00e9es <\/a><\/li>\n<\/ul>\n<ul>\n<li><a href=\"http:\/\/www.aikido-idf-ffaaa.fr\/\"><strong>Ligue Ile de France FFAAA<\/strong><\/a><\/li>\n<\/ul>\n<\/div>\n","protected":false},"excerpt":{"rendered":"<p>Pratiquer l&rsquo;A\u00efkido \u00e0 Marly-le-Roi et Versailles : A\u00efkido Traditionnel, Culture et Harmonie (ATCH): Dominique Dalet 6\u00e8me Dan &nbsp; Pratiquer \u00e0 Paris et Vincennes: Patrick B\u00e9n\u00e9zi Shihan 7\u00e8me Dan A\u00efkika\u00ef de Tokyo Christian Tissier Shihan 8\u00e8me Dan A\u00efkika\u00ef de Tokyo Autres sites F\u00e9d\u00e9ration FFAAA F\u00e9d\u00e9ration fran\u00e7aise d\u2019A\u00efkido, A\u00efkibudo et associ\u00e9es Ligue Ile de France FFAAA<\/p>\n","protected":false},"author":1,"featured_media":0,"parent":0,"menu_order":0,"comment_status":"closed","ping_status":"closed","template":"","meta":{"footnotes":""},"class_list":["post-19","page","type-page","status-publish","hentry"],"yoast_head":"<!-- This site is optimized with the Yoast SEO plugin v24.5 - https:\/\/yoast.com\/wordpress\/plugins\/seo\/ -->\n<title>Liens - Club d&#039;A\u00efkido de Saint Nom la Bret\u00eache<\/title>\n<meta name=\"robots\" content=\"index, follow, max-snippet:-1, max-image-preview:large, max-video-preview:-1\" \/>\n<link rel=\"canonical\" href=\"https:\/\/aikido-stnom.fr\/index.php\/liens\/\" \/>\n<meta property=\"og:locale\" content=\"fr_FR\" \/>\n<meta property=\"og:type\" content=\"article\" \/>\n<meta property=\"og:title\" content=\"Liens - Club d&#039;A\u00efkido de Saint Nom la Bret\u00eache\" \/>\n<meta property=\"og:description\" content=\"Pratiquer l&rsquo;A\u00efkido \u00e0 Marly-le-Roi et Versailles : A\u00efkido Traditionnel, Culture et Harmonie (ATCH): Dominique Dalet 6\u00e8me Dan &nbsp; Pratiquer \u00e0 Paris et Vincennes: Patrick B\u00e9n\u00e9zi Shihan 7\u00e8me Dan A\u00efkika\u00ef de Tokyo Christian Tissier Shihan 8\u00e8me Dan A\u00efkika\u00ef de Tokyo Autres sites F\u00e9d\u00e9ration FFAAA F\u00e9d\u00e9ration fran\u00e7aise d\u2019A\u00efkido, A\u00efkibudo et associ\u00e9es Ligue Ile de France FFAAA\" \/>\n<meta property=\"og:url\" content=\"https:\/\/aikido-stnom.fr\/index.php\/liens\/\" \/>\n<meta property=\"og:site_name\" content=\"Club d&#039;A\u00efkido de Saint Nom la Bret\u00eache\" \/>\n<meta property=\"article:modified_time\" content=\"2023-03-31T17:14:13+00:00\" \/>\n<meta name=\"twitter:card\" content=\"summary_large_image\" \/>\n<meta name=\"twitter:label1\" content=\"Dur\u00e9e de lecture estim\u00e9e\" \/>\n\t<meta name=\"twitter:data1\" content=\"1 minute\" \/>\n<script type=\"application\/ld+json\" class=\"yoast-schema-graph\">{\"@context\":\"https:\/\/schema.org\",\"@graph\":[{\"@type\":\"WebPage\",\"@id\":\"https:\/\/aikido-stnom.fr\/index.php\/liens\/\",\"url\":\"https:\/\/aikido-stnom.fr\/index.php\/liens\/\",\"name\":\"Liens - Club d&#039;A\u00efkido de Saint Nom la Bret\u00eache\",\"isPartOf\":{\"@id\":\"https:\/\/aikido-stnom.fr\/#website\"},\"datePublished\":\"2020-04-25T08:15:45+00:00\",\"dateModified\":\"2023-03-31T17:14:13+00:00\",\"inLanguage\":\"fr-FR\",\"potentialAction\":[{\"@type\":\"ReadAction\",\"target\":[\"https:\/\/aikido-stnom.fr\/index.php\/liens\/\"]}]},{\"@type\":\"WebSite\",\"@id\":\"https:\/\/aikido-stnom.fr\/#website\",\"url\":\"https:\/\/aikido-stnom.fr\/\",\"name\":\"Club d&#039;A\u00efkido de Saint Nom la Bret\u00eache\",\"description\":\"A\u00efkido USSNB 78\",\"potentialAction\":[{\"@type\":\"SearchAction\",\"target\":{\"@type\":\"EntryPoint\",\"urlTemplate\":\"https:\/\/aikido-stnom.fr\/?s={search_term_string}\"},\"query-input\":{\"@type\":\"PropertyValueSpecification\",\"valueRequired\":true,\"valueName\":\"search_term_string\"}}],\"inLanguage\":\"fr-FR\"}]}<\/script>\n<!-- \/ Yoast SEO plugin. -->","yoast_head_json":{"title":"Liens - Club d&#039;A\u00efkido de Saint Nom la Bret\u00eache","robots":{"index":"index","follow":"follow","max-snippet":"max-snippet:-1","max-image-preview":"max-image-preview:large","max-video-preview":"max-video-preview:-1"},"canonical":"https:\/\/aikido-stnom.fr\/index.php\/liens\/","og_locale":"fr_FR","og_type":"article","og_title":"Liens - Club d&#039;A\u00efkido de Saint Nom la Bret\u00eache","og_description":"Pratiquer l&rsquo;A\u00efkido \u00e0 Marly-le-Roi et Versailles : A\u00efkido Traditionnel, Culture et Harmonie (ATCH): Dominique Dalet 6\u00e8me Dan &nbsp; Pratiquer \u00e0 Paris et Vincennes: Patrick B\u00e9n\u00e9zi Shihan 7\u00e8me Dan A\u00efkika\u00ef de Tokyo Christian Tissier Shihan 8\u00e8me Dan A\u00efkika\u00ef de Tokyo Autres sites F\u00e9d\u00e9ration FFAAA F\u00e9d\u00e9ration fran\u00e7aise d\u2019A\u00efkido, A\u00efkibudo et associ\u00e9es Ligue Ile de France FFAAA","og_url":"https:\/\/aikido-stnom.fr\/index.php\/liens\/","og_site_name":"Club d&#039;A\u00efkido de Saint Nom la Bret\u00eache","article_modified_time":"2023-03-31T17:14:13+00:00","twitter_card":"summary_large_image","twitter_misc":{"Dur\u00e9e de lecture estim\u00e9e":"1 minute"},"schema":{"@context":"https:\/\/schema.org","@graph":[{"@type":"WebPage","@id":"https:\/\/aikido-stnom.fr\/index.php\/liens\/","url":"https:\/\/aikido-stnom.fr\/index.php\/liens\/","name":"Liens - Club d&#039;A\u00efkido de Saint Nom la Bret\u00eache","isPartOf":{"@id":"https:\/\/aikido-stnom.fr\/#website"},"datePublished":"2020-04-25T08:15:45+00:00","dateModified":"2023-03-31T17:14:13+00:00","inLanguage":"fr-FR","potentialAction":[{"@type":"ReadAction","target":["https:\/\/aikido-stnom.fr\/index.php\/liens\/"]}]},{"@type":"WebSite","@id":"https:\/\/aikido-stnom.fr\/#website","url":"https:\/\/aikido-stnom.fr\/","name":"Club d&#039;A\u00efkido de Saint Nom la Bret\u00eache","description":"A\u00efkido USSNB 78","potentialAction":[{"@type":"SearchAction","target":{"@type":"EntryPoint","urlTemplate":"https:\/\/aikido-stnom.fr\/?s={search_term_string}"},"query-input":{"@type":"PropertyValueSpecification","valueRequired":true,"valueName":"search_term_string"}}],"inLanguage":"fr-FR"}]}},"_links":{"self":[{"href":"https:\/\/aikido-stnom.fr\/index.php\/wp-json\/wp\/v2\/pages\/19","targetHints":{"allow":["GET"]}}],"collection":[{"href":"https:\/\/aikido-stnom.fr\/index.php\/wp-json\/wp\/v2\/pages"}],"about":[{"href":"https:\/\/aikido-stnom.fr\/index.php\/wp-json\/wp\/v2\/types\/page"}],"author":[{"embeddable":true,"href":"https:\/\/aikido-stnom.fr\/index.php\/wp-json\/wp\/v2\/users\/1"}],"replies":[{"embeddable":true,"href":"https:\/\/aikido-stnom.fr\/index.php\/wp-json\/wp\/v2\/comments?post=19"}],"version-history":[{"count":7,"href":"https:\/\/aikido-stnom.fr\/index.php\/wp-json\/wp\/v2\/pages\/19\/revisions"}],"predecessor-version":[{"id":14954,"href":"https:\/\/aikido-stnom.fr\/index.php\/wp-json\/wp\/v2\/pages\/19\/revisions\/14954"}],"wp:attachment":[{"href":"https:\/\/aikido-stnom.fr\/index.php\/wp-json\/wp\/v2\/media?parent=19"}],"curies":[{"name":"wp","href":"https:\/\/api.w.org\/{rel}","templated":true}]}}