{"id":15,"date":"2020-04-25T10:10:51","date_gmt":"2020-04-25T08:10:51","guid":{"rendered":"https:\/\/aikido-stnom.fr\/?page_id=15"},"modified":"2025-06-26T22:41:38","modified_gmt":"2025-06-26T20:41:38","slug":"saint-nom-la-breteche","status":"publish","type":"page","link":"https:\/\/aikido-stnom.fr\/index.php\/saint-nom-la-breteche\/","title":{"rendered":"Saint-Nom-la-Bret\u00eache"},"content":{"rendered":"<p><strong><img loading=\"lazy\" decoding=\"async\" class=\"alignnone size-medium wp-image-89 aligncenter\" src=\"https:\/\/aikido-stnom.fr\/wp-content\/uploads\/2020\/05\/panorama-snlb-300x131.jpg\" alt=\"\" width=\"300\" height=\"131\" srcset=\"https:\/\/aikido-stnom.fr\/wp-content\/uploads\/2020\/05\/panorama-snlb-300x131.jpg 300w, https:\/\/aikido-stnom.fr\/wp-content\/uploads\/2020\/05\/panorama-snlb-1024x448.jpg 1024w, https:\/\/aikido-stnom.fr\/wp-content\/uploads\/2020\/05\/panorama-snlb-768x336.jpg 768w, https:\/\/aikido-stnom.fr\/wp-content\/uploads\/2020\/05\/panorama-snlb-1200x525.jpg 1200w, https:\/\/aikido-stnom.fr\/wp-content\/uploads\/2020\/05\/panorama-snlb.jpg 1371w\" sizes=\"auto, (max-width: 300px) 85vw, 300px\" \/><\/strong><\/p>\n<p><strong> <a href=\"https:\/\/saint-nom-la-breteche.fr\/ma-ville\/decouvrir-saint-nom-la-breteche\/presentation\/saint-nom-la-breteche\">Le village de Saint-Nom-la-Bret\u00eache <\/a>est situ\u00e9 dans le d\u00e9partement des Yvelines au sein de la r\u00e9gion \u00cele-de-France.<\/strong><\/p>\n<p>Saint-Nom-la-Bret\u00eache est membre de la communaut\u00e9 de communes Gally Mauldre regroupant \u00e9galement Andelu, Bazemont, Chavenay (78450), Crespi\u00e8res (78121), Davron, Feucherolles (78810), Herbeville, Montainville, Mareil sur Mauldre et Maule.<\/p>\n<p><strong><a href=\"https:\/\/aikido-stnom.fr\/index.php\/quest-ce-que-laikido\/\">Les cours d&rsquo;A\u00efkido<\/a> se d\u00e9roulent :<\/strong><\/p>\n<p><strong>les mercredis de 20h30 \u00e0 21h45\u00a0 au <\/strong>dojo sous la Mairie au 32 rue de la Fontaine des Vaux, 78860 Saint-Nom-la-Bret\u00eache.<\/p>\n<p><strong>les samedis de 16h15 \u00e0 18h30<\/strong> au P\u00f4le sportif Teddy Riner, rue Guy Moignier, 78860 Saint-Nom-la-Bret\u00eache.<\/p>\n<p>A partir de 12 ans, cours tout public, d\u00e9butant, confirm\u00e9, jeune, adolescent, jeune adulte, homme et femme.<\/p>\n<p>Inscription toute l\u2019ann\u00e9e. Cours d&rsquo;essai gratuit<\/p>\n<p>&nbsp;<\/p>\n","protected":false},"excerpt":{"rendered":"<p>Le village de Saint-Nom-la-Bret\u00eache est situ\u00e9 dans le d\u00e9partement des Yvelines au sein de la r\u00e9gion \u00cele-de-France. Saint-Nom-la-Bret\u00eache est membre de la communaut\u00e9 de communes Gally Mauldre regroupant \u00e9galement Andelu, Bazemont, Chavenay (78450), Crespi\u00e8res (78121), Davron, Feucherolles (78810), Herbeville, Montainville, Mareil sur Mauldre et Maule. Les cours d&rsquo;A\u00efkido se d\u00e9roulent : les mercredis de 20h30 &hellip; <a href=\"https:\/\/aikido-stnom.fr\/index.php\/saint-nom-la-breteche\/\" class=\"more-link\">Continuer la lecture<span class=\"screen-reader-text\"> de &laquo;&nbsp;Saint-Nom-la-Bret\u00eache&nbsp;&raquo;<\/span><\/a><\/p>\n","protected":false},"author":1,"featured_media":0,"parent":0,"menu_order":0,"comment_status":"closed","ping_status":"open","template":"","meta":{"footnotes":""},"class_list":["post-15","page","type-page","status-publish","hentry"],"yoast_head":"<!-- This site is optimized with the Yoast SEO plugin v24.5 - https:\/\/yoast.com\/wordpress\/plugins\/seo\/ -->\n<title>Saint-Nom-la-Bret\u00eache - Club d&#039;A\u00efkido de Saint Nom la Bret\u00eache<\/title>\n<meta name=\"robots\" content=\"index, follow, max-snippet:-1, max-image-preview:large, max-video-preview:-1\" \/>\n<link rel=\"canonical\" href=\"https:\/\/aikido-stnom.fr\/index.php\/saint-nom-la-breteche\/\" \/>\n<meta property=\"og:locale\" content=\"fr_FR\" \/>\n<meta property=\"og:type\" content=\"article\" \/>\n<meta property=\"og:title\" content=\"Saint-Nom-la-Bret\u00eache - Club d&#039;A\u00efkido de Saint Nom la Bret\u00eache\" \/>\n<meta property=\"og:description\" content=\"Le village de Saint-Nom-la-Bret\u00eache est situ\u00e9 dans le d\u00e9partement des Yvelines au sein de la r\u00e9gion \u00cele-de-France. Saint-Nom-la-Bret\u00eache est membre de la communaut\u00e9 de communes Gally Mauldre regroupant \u00e9galement Andelu, Bazemont, Chavenay (78450), Crespi\u00e8res (78121), Davron, Feucherolles (78810), Herbeville, Montainville, Mareil sur Mauldre et Maule. Les cours d&rsquo;A\u00efkido se d\u00e9roulent : les mercredis de 20h30 &hellip; Continuer la lecture de &laquo;&nbsp;Saint-Nom-la-Bret\u00eache&nbsp;&raquo;\" \/>\n<meta property=\"og:url\" content=\"https:\/\/aikido-stnom.fr\/index.php\/saint-nom-la-breteche\/\" \/>\n<meta property=\"og:site_name\" content=\"Club d&#039;A\u00efkido de Saint Nom la Bret\u00eache\" \/>\n<meta property=\"article:modified_time\" content=\"2025-06-26T20:41:38+00:00\" \/>\n<meta property=\"og:image\" content=\"https:\/\/aikido-stnom.fr\/wp-content\/uploads\/2020\/05\/panorama-snlb.jpg\" \/>\n\t<meta property=\"og:image:width\" content=\"1371\" \/>\n\t<meta property=\"og:image:height\" content=\"600\" \/>\n\t<meta property=\"og:image:type\" content=\"image\/jpeg\" \/>\n<meta name=\"twitter:card\" content=\"summary_large_image\" \/>\n<meta name=\"twitter:label1\" content=\"Dur\u00e9e de lecture estim\u00e9e\" \/>\n\t<meta name=\"twitter:data1\" content=\"1 minute\" \/>\n<script type=\"application\/ld+json\" class=\"yoast-schema-graph\">{\"@context\":\"https:\/\/schema.org\",\"@graph\":[{\"@type\":\"WebPage\",\"@id\":\"https:\/\/aikido-stnom.fr\/index.php\/saint-nom-la-breteche\/\",\"url\":\"https:\/\/aikido-stnom.fr\/index.php\/saint-nom-la-breteche\/\",\"name\":\"Saint-Nom-la-Bret\u00eache - Club d&#039;A\u00efkido de Saint Nom la Bret\u00eache\",\"isPartOf\":{\"@id\":\"https:\/\/aikido-stnom.fr\/#website\"},\"primaryImageOfPage\":{\"@id\":\"https:\/\/aikido-stnom.fr\/index.php\/saint-nom-la-breteche\/#primaryimage\"},\"image\":{\"@id\":\"https:\/\/aikido-stnom.fr\/index.php\/saint-nom-la-breteche\/#primaryimage\"},\"thumbnailUrl\":\"https:\/\/aikido-stnom.fr\/wp-content\/uploads\/2020\/05\/panorama-snlb-300x131.jpg\",\"datePublished\":\"2020-04-25T08:10:51+00:00\",\"dateModified\":\"2025-06-26T20:41:38+00:00\",\"inLanguage\":\"fr-FR\",\"potentialAction\":[{\"@type\":\"ReadAction\",\"target\":[\"https:\/\/aikido-stnom.fr\/index.php\/saint-nom-la-breteche\/\"]}]},{\"@type\":\"ImageObject\",\"inLanguage\":\"fr-FR\",\"@id\":\"https:\/\/aikido-stnom.fr\/index.php\/saint-nom-la-breteche\/#primaryimage\",\"url\":\"https:\/\/aikido-stnom.fr\/wp-content\/uploads\/2020\/05\/panorama-snlb.jpg\",\"contentUrl\":\"https:\/\/aikido-stnom.fr\/wp-content\/uploads\/2020\/05\/panorama-snlb.jpg\",\"width\":1371,\"height\":600},{\"@type\":\"WebSite\",\"@id\":\"https:\/\/aikido-stnom.fr\/#website\",\"url\":\"https:\/\/aikido-stnom.fr\/\",\"name\":\"Club d&#039;A\u00efkido de Saint Nom la Bret\u00eache\",\"description\":\"A\u00efkido USSNB 78\",\"potentialAction\":[{\"@type\":\"SearchAction\",\"target\":{\"@type\":\"EntryPoint\",\"urlTemplate\":\"https:\/\/aikido-stnom.fr\/?s={search_term_string}\"},\"query-input\":{\"@type\":\"PropertyValueSpecification\",\"valueRequired\":true,\"valueName\":\"search_term_string\"}}],\"inLanguage\":\"fr-FR\"}]}<\/script>\n<!-- \/ Yoast SEO plugin. -->","yoast_head_json":{"title":"Saint-Nom-la-Bret\u00eache - Club d&#039;A\u00efkido de Saint Nom la Bret\u00eache","robots":{"index":"index","follow":"follow","max-snippet":"max-snippet:-1","max-image-preview":"max-image-preview:large","max-video-preview":"max-video-preview:-1"},"canonical":"https:\/\/aikido-stnom.fr\/index.php\/saint-nom-la-breteche\/","og_locale":"fr_FR","og_type":"article","og_title":"Saint-Nom-la-Bret\u00eache - Club d&#039;A\u00efkido de Saint Nom la Bret\u00eache","og_description":"Le village de Saint-Nom-la-Bret\u00eache est situ\u00e9 dans le d\u00e9partement des Yvelines au sein de la r\u00e9gion \u00cele-de-France. Saint-Nom-la-Bret\u00eache est membre de la communaut\u00e9 de communes Gally Mauldre regroupant \u00e9galement Andelu, Bazemont, Chavenay (78450), Crespi\u00e8res (78121), Davron, Feucherolles (78810), Herbeville, Montainville, Mareil sur Mauldre et Maule. Les cours d&rsquo;A\u00efkido se d\u00e9roulent : les mercredis de 20h30 &hellip; Continuer la lecture de &laquo;&nbsp;Saint-Nom-la-Bret\u00eache&nbsp;&raquo;","og_url":"https:\/\/aikido-stnom.fr\/index.php\/saint-nom-la-breteche\/","og_site_name":"Club d&#039;A\u00efkido de Saint Nom la Bret\u00eache","article_modified_time":"2025-06-26T20:41:38+00:00","og_image":[{"width":1371,"height":600,"url":"https:\/\/aikido-stnom.fr\/wp-content\/uploads\/2020\/05\/panorama-snlb.jpg","type":"image\/jpeg"}],"twitter_card":"summary_large_image","twitter_misc":{"Dur\u00e9e de lecture estim\u00e9e":"1 minute"},"schema":{"@context":"https:\/\/schema.org","@graph":[{"@type":"WebPage","@id":"https:\/\/aikido-stnom.fr\/index.php\/saint-nom-la-breteche\/","url":"https:\/\/aikido-stnom.fr\/index.php\/saint-nom-la-breteche\/","name":"Saint-Nom-la-Bret\u00eache - Club d&#039;A\u00efkido de Saint Nom la Bret\u00eache","isPartOf":{"@id":"https:\/\/aikido-stnom.fr\/#website"},"primaryImageOfPage":{"@id":"https:\/\/aikido-stnom.fr\/index.php\/saint-nom-la-breteche\/#primaryimage"},"image":{"@id":"https:\/\/aikido-stnom.fr\/index.php\/saint-nom-la-breteche\/#primaryimage"},"thumbnailUrl":"https:\/\/aikido-stnom.fr\/wp-content\/uploads\/2020\/05\/panorama-snlb-300x131.jpg","datePublished":"2020-04-25T08:10:51+00:00","dateModified":"2025-06-26T20:41:38+00:00","inLanguage":"fr-FR","potentialAction":[{"@type":"ReadAction","target":["https:\/\/aikido-stnom.fr\/index.php\/saint-nom-la-breteche\/"]}]},{"@type":"ImageObject","inLanguage":"fr-FR","@id":"https:\/\/aikido-stnom.fr\/index.php\/saint-nom-la-breteche\/#primaryimage","url":"https:\/\/aikido-stnom.fr\/wp-content\/uploads\/2020\/05\/panorama-snlb.jpg","contentUrl":"https:\/\/aikido-stnom.fr\/wp-content\/uploads\/2020\/05\/panorama-snlb.jpg","width":1371,"height":600},{"@type":"WebSite","@id":"https:\/\/aikido-stnom.fr\/#website","url":"https:\/\/aikido-stnom.fr\/","name":"Club d&#039;A\u00efkido de Saint Nom la Bret\u00eache","description":"A\u00efkido USSNB 78","potentialAction":[{"@type":"SearchAction","target":{"@type":"EntryPoint","urlTemplate":"https:\/\/aikido-stnom.fr\/?s={search_term_string}"},"query-input":{"@type":"PropertyValueSpecification","valueRequired":true,"valueName":"search_term_string"}}],"inLanguage":"fr-FR"}]}},"_links":{"self":[{"href":"https:\/\/aikido-stnom.fr\/index.php\/wp-json\/wp\/v2\/pages\/15","targetHints":{"allow":["GET"]}}],"collection":[{"href":"https:\/\/aikido-stnom.fr\/index.php\/wp-json\/wp\/v2\/pages"}],"about":[{"href":"https:\/\/aikido-stnom.fr\/index.php\/wp-json\/wp\/v2\/types\/page"}],"author":[{"embeddable":true,"href":"https:\/\/aikido-stnom.fr\/index.php\/wp-json\/wp\/v2\/users\/1"}],"replies":[{"embeddable":true,"href":"https:\/\/aikido-stnom.fr\/index.php\/wp-json\/wp\/v2\/comments?post=15"}],"version-history":[{"count":13,"href":"https:\/\/aikido-stnom.fr\/index.php\/wp-json\/wp\/v2\/pages\/15\/revisions"}],"predecessor-version":[{"id":26941,"href":"https:\/\/aikido-stnom.fr\/index.php\/wp-json\/wp\/v2\/pages\/15\/revisions\/26941"}],"wp:attachment":[{"href":"https:\/\/aikido-stnom.fr\/index.php\/wp-json\/wp\/v2\/media?parent=15"}],"curies":[{"name":"wp","href":"https:\/\/api.w.org\/{rel}","templated":true}]}}