{"id":11,"date":"2022-03-27T10:10:18","date_gmt":"2022-03-27T08:10:18","guid":{"rendered":"https:\/\/aikido-stnom.fr\/?page_id=11"},"modified":"2026-02-16T22:47:10","modified_gmt":"2026-02-16T21:47:10","slug":"bienvenue-sur-le-site-de-lussnb-aikido","status":"publish","type":"page","link":"https:\/\/aikido-stnom.fr\/","title":{"rendered":"Bienvenue sur le site du club d&rsquo;A\u00efkido de Saint Nom la Bret\u00e8che"},"content":{"rendered":"<h4>\u00a0<\/h4>\r\n<h4 style=\"text-align: center;\"><em>Portes ouvertes au club de Saint-Nom-la-breteche<\/em><\/h4>\r\n<h4 style=\"text-align: center;\">les samedis 17 et 24 janvier 2026 \u00e0 16H15<\/h4>\r\n<p><img loading=\"lazy\" decoding=\"async\" class=\"size-medium wp-image-57573 aligncenter\" src=\"https:\/\/aikido-stnom.fr\/wp-content\/uploads\/2026\/01\/club-affiche-PO-adulte-2026-212x300.jpg\" alt=\"\" width=\"212\" height=\"300\" srcset=\"https:\/\/aikido-stnom.fr\/wp-content\/uploads\/2026\/01\/club-affiche-PO-adulte-2026-212x300.jpg 212w, https:\/\/aikido-stnom.fr\/wp-content\/uploads\/2026\/01\/club-affiche-PO-adulte-2026-724x1024.jpg 724w, https:\/\/aikido-stnom.fr\/wp-content\/uploads\/2026\/01\/club-affiche-PO-adulte-2026-768x1086.jpg 768w, https:\/\/aikido-stnom.fr\/wp-content\/uploads\/2026\/01\/club-affiche-PO-adulte-2026-1086x1536.jpg 1086w, https:\/\/aikido-stnom.fr\/wp-content\/uploads\/2026\/01\/club-affiche-PO-adulte-2026-1448x2048.jpg 1448w, https:\/\/aikido-stnom.fr\/wp-content\/uploads\/2026\/01\/club-affiche-PO-adulte-2026-1200x1698.jpg 1200w, https:\/\/aikido-stnom.fr\/wp-content\/uploads\/2026\/01\/club-affiche-PO-adulte-2026-scaled.jpg 1810w\" sizes=\"auto, (max-width: 212px) 85vw, 212px\" \/><\/p>\r\n<h4 style=\"text-align: center;\">Venez essayer!<\/h4>\r\n<h5>Les cours sont anim\u00e9s par <a href=\"https:\/\/aikido-stnom.fr\/index.php\/qui-sommes-nous\/\">notre professeure Nathalie Herment<\/a>\u00a0 4\u00e8me Dan A\u00efkika\u00ef de Tokyo, CQP , Certification LNF Pr\u00e9paration mentale du sportif (2021).<\/h5>\r\n<h6>au dojo de <a href=\"https:\/\/aikido-stnom.fr\/index.php\/saint-nom-la-breteche\/\">St Nom la Bret\u00eache <\/a>:<\/h6>\r\n<p><!-- \/wp:post-content -->\r\n\r\n<!-- wp:paragraph --><\/p>\r\n<h5><strong> les mercredis de 20h30 \u00e0 21h45 <\/strong>(dojo sous la mairie)<\/h5>\r\n<h5><strong>les samedis de 16h15 \u00e0 18h30<\/strong> (p\u00f4le Sportif Teddy Riner)<\/h5>\r\n<h2><strong>un cours d&rsquo;essai gratuit:)!<\/strong><\/h2>\r\n<h5>A partir de 12 ans, cours tout public, d\u00e9butant, confirm\u00e9, jeune, adolescent, jeune adulte, homme et femme.<\/h5>\r\n<h2 style=\"text-align: center;\"><strong>D\u00e9couvrez l\u2019A\u00efkido! <\/strong><\/h2>\r\n<h2 style=\"text-align: center;\"><strong>Un Art Martial Japonais unique Accessible \u00e0 Toutes et Tous !<\/strong><\/h2>\r\n<p>\u00a0Que vous soyez d\u00e9butant ou que vous ayez d\u00e9j\u00e0 pratiqu\u00e9, notre club accueille tous les niveaux. La pratique de l&rsquo;A\u00efkido est une discipline qui favorise l&rsquo;\u00e9panouissement personnel, la confiance en soi et le bien-\u00eatre. De plus, c&rsquo;est une activit\u00e9 id\u00e9ale \u00e0 partager avec vos amis et votre famille.<\/p>\r\n<p>C&rsquo;est l&rsquo;occasion de tester cet art martial fascinant dans une ambiance chaleureuse et bienveillante. Rejoignez-nous et laissez-vous surprendre par les bienfaits de l&rsquo;A\u00efkido. Pas besoin d&rsquo;\u00e9quipement sp\u00e9cial, venez simplement avec une tenue confortable. Nous fournissons tout le reste !<\/p>\r\n<p>Pratique du boken et du j\u00f4 (sabre et b\u00e2ton en bois)<\/p>\r\n<p style=\"text-align: center;\"><strong>On vous attend pour venir essayer!<\/strong><\/p>\r\n<p style=\"text-align: center;\"><strong>\u00a0<\/strong><\/p>\r\n<p><img loading=\"lazy\" decoding=\"async\" class=\"size-medium wp-image-167 alignright\" src=\"https:\/\/aikido-stnom.fr\/wp-content\/uploads\/2021\/09\/IMG_2894-300x225.jpg\" alt=\"\" width=\"300\" height=\"225\" srcset=\"https:\/\/aikido-stnom.fr\/wp-content\/uploads\/2021\/09\/IMG_2894-300x225.jpg 300w, https:\/\/aikido-stnom.fr\/wp-content\/uploads\/2021\/09\/IMG_2894-1024x768.jpg 1024w, https:\/\/aikido-stnom.fr\/wp-content\/uploads\/2021\/09\/IMG_2894-768x576.jpg 768w, https:\/\/aikido-stnom.fr\/wp-content\/uploads\/2021\/09\/IMG_2894-1536x1152.jpg 1536w, https:\/\/aikido-stnom.fr\/wp-content\/uploads\/2021\/09\/IMG_2894-2048x1536.jpg 2048w, https:\/\/aikido-stnom.fr\/wp-content\/uploads\/2021\/09\/IMG_2894-1200x900.jpg 1200w\" sizes=\"auto, (max-width: 300px) 85vw, 300px\" \/><\/p>\r\n<p><img loading=\"lazy\" decoding=\"async\" class=\"wp-image-16 size-medium alignleft\" src=\"https:\/\/aikido-stnom.fr\/wp-content\/uploads\/2020\/04\/Iphone-22dec19-044-scaled-e1577915235280-265x300-1.jpg\" alt=\"Dojo de St Nom la Bret\u00eache\" width=\"265\" height=\"300\" \/><\/p>\r\n<p><!-- \/wp:paragraph -->\r\n\r\n<!-- wp:paragraph --><\/p>\r\n<p><img loading=\"lazy\" decoding=\"async\" class=\"size-medium wp-image-149 alignright\" src=\"https:\/\/aikido-stnom.fr\/wp-content\/uploads\/2021\/09\/Iphone3aout2019-647-300x193.jpg\" alt=\"\" width=\"300\" height=\"193\" srcset=\"https:\/\/aikido-stnom.fr\/wp-content\/uploads\/2021\/09\/Iphone3aout2019-647-300x193.jpg 300w, https:\/\/aikido-stnom.fr\/wp-content\/uploads\/2021\/09\/Iphone3aout2019-647-1024x660.jpg 1024w, https:\/\/aikido-stnom.fr\/wp-content\/uploads\/2021\/09\/Iphone3aout2019-647-768x495.jpg 768w, https:\/\/aikido-stnom.fr\/wp-content\/uploads\/2021\/09\/Iphone3aout2019-647-1536x990.jpg 1536w, https:\/\/aikido-stnom.fr\/wp-content\/uploads\/2021\/09\/Iphone3aout2019-647-2048x1320.jpg 2048w, https:\/\/aikido-stnom.fr\/wp-content\/uploads\/2021\/09\/Iphone3aout2019-647-1200x773.jpg 1200w\" sizes=\"auto, (max-width: 300px) 85vw, 300px\" \/><\/p>\r\n<p>&nbsp;<\/p>\r\n<p>&nbsp;<\/p>\r\n<p>&nbsp;<\/p>\r\n<p>&nbsp;<\/p>\r\n<p>&nbsp;<\/p>\r\n<p>Inscription toute l\u2019ann\u00e9e. <a href=\"https:\/\/aikido-stnom.fr\/index.php\/contact\/\">Venez essayer!<\/a><\/p>\r\n<p><img loading=\"lazy\" decoding=\"async\" class=\"size-medium wp-image-70 aligncenter\" src=\"https:\/\/aikido-stnom.fr\/wp-content\/uploads\/2020\/05\/IMG_2974-300x200.jpg\" alt=\"\" width=\"300\" height=\"200\" srcset=\"https:\/\/aikido-stnom.fr\/wp-content\/uploads\/2020\/05\/IMG_2974-300x200.jpg 300w, https:\/\/aikido-stnom.fr\/wp-content\/uploads\/2020\/05\/IMG_2974-1024x683.jpg 1024w, https:\/\/aikido-stnom.fr\/wp-content\/uploads\/2020\/05\/IMG_2974-768x512.jpg 768w, https:\/\/aikido-stnom.fr\/wp-content\/uploads\/2020\/05\/IMG_2974-1536x1024.jpg 1536w, https:\/\/aikido-stnom.fr\/wp-content\/uploads\/2020\/05\/IMG_2974-2048x1365.jpg 2048w, https:\/\/aikido-stnom.fr\/wp-content\/uploads\/2020\/05\/IMG_2974-1200x800.jpg 1200w\" sizes=\"auto, (max-width: 300px) 85vw, 300px\" \/><\/p>\r\n<!-- \/wp:paragraph -->\r\n\r\n<!-- wp:paragraph \/-->\r\n\r\n<!-- wp:image {\"align\":\"center\",\"id\":16,\"width\":389,\"height\":768,\"sizeSlug\":\"large\"} -->\r\n<div class=\"wp-block-image\">\u00a0<\/div>\r\n<!-- \/wp:image -->","protected":false},"excerpt":{"rendered":"<p>\u00a0 Portes ouvertes au club de Saint-Nom-la-breteche les samedis 17 et 24 janvier 2026 \u00e0 16H15 Venez essayer! Les cours sont anim\u00e9s par notre professeure Nathalie Herment\u00a0 4\u00e8me Dan A\u00efkika\u00ef de Tokyo, CQP , Certification LNF Pr\u00e9paration mentale du sportif (2021). au dojo de St Nom la Bret\u00eache : les mercredis de 20h30 \u00e0 21h45 &hellip; <a href=\"https:\/\/aikido-stnom.fr\/\" class=\"more-link\">Continuer la lecture<span class=\"screen-reader-text\"> de &laquo;&nbsp;Bienvenue sur le site du club d&rsquo;A\u00efkido de Saint Nom la Bret\u00e8che&nbsp;&raquo;<\/span><\/a><\/p>\n","protected":false},"author":1,"featured_media":0,"parent":0,"menu_order":0,"comment_status":"closed","ping_status":"open","template":"","meta":{"footnotes":""},"class_list":["post-11","page","type-page","status-publish","hentry"],"yoast_head":"<!-- This site is optimized with the Yoast SEO plugin v24.5 - https:\/\/yoast.com\/wordpress\/plugins\/seo\/ -->\n<title>Bienvenue sur le site du club d&#039;A\u00efkido de Saint Nom la Bret\u00e8che - Club d&#039;A\u00efkido de Saint Nom la Bret\u00eache<\/title>\n<meta name=\"robots\" content=\"index, follow, max-snippet:-1, max-image-preview:large, max-video-preview:-1\" \/>\n<link rel=\"canonical\" href=\"https:\/\/aikido-stnom.fr\/\" \/>\n<meta property=\"og:locale\" content=\"fr_FR\" \/>\n<meta property=\"og:type\" content=\"article\" \/>\n<meta property=\"og:title\" content=\"Bienvenue sur le site du club d&#039;A\u00efkido de Saint Nom la Bret\u00e8che - Club d&#039;A\u00efkido de Saint Nom la Bret\u00eache\" \/>\n<meta property=\"og:description\" content=\"\u00a0 Portes ouvertes au club de Saint-Nom-la-breteche les samedis 17 et 24 janvier 2026 \u00e0 16H15 Venez essayer! Les cours sont anim\u00e9s par notre professeure Nathalie Herment\u00a0 4\u00e8me Dan A\u00efkika\u00ef de Tokyo, CQP , Certification LNF Pr\u00e9paration mentale du sportif (2021). au dojo de St Nom la Bret\u00eache : les mercredis de 20h30 \u00e0 21h45 &hellip; Continuer la lecture de &laquo;&nbsp;Bienvenue sur le site du club d&rsquo;A\u00efkido de Saint Nom la Bret\u00e8che&nbsp;&raquo;\" \/>\n<meta property=\"og:url\" content=\"https:\/\/aikido-stnom.fr\/\" \/>\n<meta property=\"og:site_name\" content=\"Club d&#039;A\u00efkido de Saint Nom la Bret\u00eache\" \/>\n<meta property=\"article:modified_time\" content=\"2026-02-16T21:47:10+00:00\" \/>\n<meta property=\"og:image\" content=\"https:\/\/aikido-stnom.fr\/wp-content\/uploads\/2026\/01\/club-affiche-PO-adulte-2026-scaled.jpg\" \/>\n\t<meta property=\"og:image:width\" content=\"1810\" \/>\n\t<meta property=\"og:image:height\" content=\"2560\" \/>\n\t<meta property=\"og:image:type\" content=\"image\/jpeg\" \/>\n<meta name=\"twitter:card\" content=\"summary_large_image\" \/>\n<meta name=\"twitter:label1\" content=\"Dur\u00e9e de lecture estim\u00e9e\" \/>\n\t<meta name=\"twitter:data1\" content=\"3 minutes\" \/>\n<script type=\"application\/ld+json\" class=\"yoast-schema-graph\">{\"@context\":\"https:\/\/schema.org\",\"@graph\":[{\"@type\":\"WebPage\",\"@id\":\"https:\/\/aikido-stnom.fr\/\",\"url\":\"https:\/\/aikido-stnom.fr\/\",\"name\":\"Bienvenue sur le site du club d'A\u00efkido de Saint Nom la Bret\u00e8che - Club d&#039;A\u00efkido de Saint Nom la Bret\u00eache\",\"isPartOf\":{\"@id\":\"https:\/\/aikido-stnom.fr\/#website\"},\"primaryImageOfPage\":{\"@id\":\"https:\/\/aikido-stnom.fr\/#primaryimage\"},\"image\":{\"@id\":\"https:\/\/aikido-stnom.fr\/#primaryimage\"},\"thumbnailUrl\":\"https:\/\/aikido-stnom.fr\/wp-content\/uploads\/2026\/01\/club-affiche-PO-adulte-2026-212x300.jpg\",\"datePublished\":\"2022-03-27T08:10:18+00:00\",\"dateModified\":\"2026-02-16T21:47:10+00:00\",\"inLanguage\":\"fr-FR\",\"potentialAction\":[{\"@type\":\"ReadAction\",\"target\":[\"https:\/\/aikido-stnom.fr\/\"]}]},{\"@type\":\"ImageObject\",\"inLanguage\":\"fr-FR\",\"@id\":\"https:\/\/aikido-stnom.fr\/#primaryimage\",\"url\":\"https:\/\/aikido-stnom.fr\/wp-content\/uploads\/2026\/01\/club-affiche-PO-adulte-2026-scaled.jpg\",\"contentUrl\":\"https:\/\/aikido-stnom.fr\/wp-content\/uploads\/2026\/01\/club-affiche-PO-adulte-2026-scaled.jpg\",\"width\":1810,\"height\":2560},{\"@type\":\"WebSite\",\"@id\":\"https:\/\/aikido-stnom.fr\/#website\",\"url\":\"https:\/\/aikido-stnom.fr\/\",\"name\":\"Club d&#039;A\u00efkido de Saint Nom la Bret\u00eache\",\"description\":\"A\u00efkido USSNB 78\",\"potentialAction\":[{\"@type\":\"SearchAction\",\"target\":{\"@type\":\"EntryPoint\",\"urlTemplate\":\"https:\/\/aikido-stnom.fr\/?s={search_term_string}\"},\"query-input\":{\"@type\":\"PropertyValueSpecification\",\"valueRequired\":true,\"valueName\":\"search_term_string\"}}],\"inLanguage\":\"fr-FR\"}]}<\/script>\n<!-- \/ Yoast SEO plugin. -->","yoast_head_json":{"title":"Bienvenue sur le site du club d'A\u00efkido de Saint Nom la Bret\u00e8che - Club d&#039;A\u00efkido de Saint Nom la Bret\u00eache","robots":{"index":"index","follow":"follow","max-snippet":"max-snippet:-1","max-image-preview":"max-image-preview:large","max-video-preview":"max-video-preview:-1"},"canonical":"https:\/\/aikido-stnom.fr\/","og_locale":"fr_FR","og_type":"article","og_title":"Bienvenue sur le site du club d'A\u00efkido de Saint Nom la Bret\u00e8che - Club d&#039;A\u00efkido de Saint Nom la Bret\u00eache","og_description":"\u00a0 Portes ouvertes au club de Saint-Nom-la-breteche les samedis 17 et 24 janvier 2026 \u00e0 16H15 Venez essayer! Les cours sont anim\u00e9s par notre professeure Nathalie Herment\u00a0 4\u00e8me Dan A\u00efkika\u00ef de Tokyo, CQP , Certification LNF Pr\u00e9paration mentale du sportif (2021). au dojo de St Nom la Bret\u00eache : les mercredis de 20h30 \u00e0 21h45 &hellip; Continuer la lecture de &laquo;&nbsp;Bienvenue sur le site du club d&rsquo;A\u00efkido de Saint Nom la Bret\u00e8che&nbsp;&raquo;","og_url":"https:\/\/aikido-stnom.fr\/","og_site_name":"Club d&#039;A\u00efkido de Saint Nom la Bret\u00eache","article_modified_time":"2026-02-16T21:47:10+00:00","og_image":[{"width":1810,"height":2560,"url":"https:\/\/aikido-stnom.fr\/wp-content\/uploads\/2026\/01\/club-affiche-PO-adulte-2026-scaled.jpg","type":"image\/jpeg"}],"twitter_card":"summary_large_image","twitter_misc":{"Dur\u00e9e de lecture estim\u00e9e":"3 minutes"},"schema":{"@context":"https:\/\/schema.org","@graph":[{"@type":"WebPage","@id":"https:\/\/aikido-stnom.fr\/","url":"https:\/\/aikido-stnom.fr\/","name":"Bienvenue sur le site du club d'A\u00efkido de Saint Nom la Bret\u00e8che - Club d&#039;A\u00efkido de Saint Nom la Bret\u00eache","isPartOf":{"@id":"https:\/\/aikido-stnom.fr\/#website"},"primaryImageOfPage":{"@id":"https:\/\/aikido-stnom.fr\/#primaryimage"},"image":{"@id":"https:\/\/aikido-stnom.fr\/#primaryimage"},"thumbnailUrl":"https:\/\/aikido-stnom.fr\/wp-content\/uploads\/2026\/01\/club-affiche-PO-adulte-2026-212x300.jpg","datePublished":"2022-03-27T08:10:18+00:00","dateModified":"2026-02-16T21:47:10+00:00","inLanguage":"fr-FR","potentialAction":[{"@type":"ReadAction","target":["https:\/\/aikido-stnom.fr\/"]}]},{"@type":"ImageObject","inLanguage":"fr-FR","@id":"https:\/\/aikido-stnom.fr\/#primaryimage","url":"https:\/\/aikido-stnom.fr\/wp-content\/uploads\/2026\/01\/club-affiche-PO-adulte-2026-scaled.jpg","contentUrl":"https:\/\/aikido-stnom.fr\/wp-content\/uploads\/2026\/01\/club-affiche-PO-adulte-2026-scaled.jpg","width":1810,"height":2560},{"@type":"WebSite","@id":"https:\/\/aikido-stnom.fr\/#website","url":"https:\/\/aikido-stnom.fr\/","name":"Club d&#039;A\u00efkido de Saint Nom la Bret\u00eache","description":"A\u00efkido USSNB 78","potentialAction":[{"@type":"SearchAction","target":{"@type":"EntryPoint","urlTemplate":"https:\/\/aikido-stnom.fr\/?s={search_term_string}"},"query-input":{"@type":"PropertyValueSpecification","valueRequired":true,"valueName":"search_term_string"}}],"inLanguage":"fr-FR"}]}},"_links":{"self":[{"href":"https:\/\/aikido-stnom.fr\/index.php\/wp-json\/wp\/v2\/pages\/11","targetHints":{"allow":["GET"]}}],"collection":[{"href":"https:\/\/aikido-stnom.fr\/index.php\/wp-json\/wp\/v2\/pages"}],"about":[{"href":"https:\/\/aikido-stnom.fr\/index.php\/wp-json\/wp\/v2\/types\/page"}],"author":[{"embeddable":true,"href":"https:\/\/aikido-stnom.fr\/index.php\/wp-json\/wp\/v2\/users\/1"}],"replies":[{"embeddable":true,"href":"https:\/\/aikido-stnom.fr\/index.php\/wp-json\/wp\/v2\/comments?post=11"}],"version-history":[{"count":91,"href":"https:\/\/aikido-stnom.fr\/index.php\/wp-json\/wp\/v2\/pages\/11\/revisions"}],"predecessor-version":[{"id":72217,"href":"https:\/\/aikido-stnom.fr\/index.php\/wp-json\/wp\/v2\/pages\/11\/revisions\/72217"}],"wp:attachment":[{"href":"https:\/\/aikido-stnom.fr\/index.php\/wp-json\/wp\/v2\/media?parent=11"}],"curies":[{"name":"wp","href":"https:\/\/api.w.org\/{rel}","templated":true}]}}